{"id":41,"date":"2023-12-03T12:53:35","date_gmt":"2023-12-03T11:53:35","guid":{"rendered":"https:\/\/www.de-mena.fr\/wordpress\/?page_id=41"},"modified":"2026-02-25T19:41:37","modified_gmt":"2026-02-25T18:41:37","slug":"companies-entreprises","status":"publish","type":"page","link":"https:\/\/www.de-mena.fr\/wordpress\/companies-entreprises\/","title":{"rendered":"Companies &#8211; Entreprises"},"content":{"rendered":"<div class=\"su-tabs su-tabs-style-default su-tabs-mobile-stack\" data-active=\"1\" data-scroll-offset=\"0\" data-anchor-in-url=\"no\"><div class=\"su-tabs-nav\"><span class=\"\" data-url=\"\" data-target=\"blank\" tabindex=\"0\" role=\"button\"><b>ENGLISH<\/b><\/span><span class=\"\" data-url=\"\" data-target=\"blank\" tabindex=\"0\" role=\"button\"><b>FRANCAIS<\/b><\/span><\/div><div class=\"su-tabs-panes\"><div class=\"su-tabs-pane su-u-clearfix su-u-trim\" data-title=\"&lt;b&gt;ENGLISH&lt;\/b&gt;\">\n<div class=\"su-heading su-heading-style-default su-heading-align-center\" id=\"\" style=\"font-size:20px;margin-bottom:20px\"><div class=\"su-heading-inner\">Companies<\/div><\/div>\n<ul>\n<li><b>Missions :\u00a0<\/b><br \/>\nDiagnose and observe to seek solutions, Choose appropriate technologies, Accompany your employees to training, workshops , Check the progress of projects to follow\n<\/li>\n<p><b><\/p>\n<li>Special Projects :\u00a0<\/b><br \/>\nShipping Agency and Forwarding, Acounting office, Health house , Association, Campsite\n<\/li>\n<p><b><\/b><\/p>\n<p><b><\/p>\n<li>General Projects :\u00a0<\/b><br \/>\nAccouting, Payroll, Invoicing &#8230;\n<\/li>\n<p><b><\/b><\/p>\n<p><b><\/p>\n<li>Website projects :\u00a0<\/b><br \/>\nVisit card website, Outsourced Application\n<\/li>\n<p><b><\/b><\/p>\n<p><b><\/p>\n<li> References :\u00a0<\/b><br \/>\n&#8211; Africa : Taal, Cnan, Sobemar, Urgence Afrique, Hotel l&rsquo;Intemporel &#8230;<br \/>\n&#8211; Marseille : Navitrans, Helios, Gide, Omniconseils &#8230;\n<\/li>\n<p><b><\/b><\/p>\n<p><b><\/p>\n<li>Web sites<\/b> : Urgence Afrique \/ Solid&rsquo;af MH, Hotel l&rsquo;Intemporel &#8230;\n<\/li>\n<p><b><\/b><\/p>\n<\/div>\n<div class=\"su-tabs-pane su-u-clearfix su-u-trim\" data-title=\"&lt;b&gt;FRANCAIS&lt;\/b&gt;\">\n<div class=\"su-heading su-heading-style-default su-heading-align-center\" id=\"\" style=\"font-size:20px;margin-bottom:20px\"><div class=\"su-heading-inner\">Entreprises <\/div><\/div>\n<ul>\n<li><b>Missions :\u00a0<\/b><br \/>\nDiagnostiquer et observer pour rechercher des solutions, Choisir des technologies adapt\u00e9es, Accompagner vos collaborateurs via la formation, des ateliers, V\u00e9rifier l&rsquo;avancement des projets, R\u00e9aliser le suivi<\/p>\n<\/li>\n<p><b><\/p>\n<li>Projets verticaux :\u00a0<\/b><br \/>\nAgence maritime et Transitaire, Cabinet comptable , Maison de sant\u00e9, Association , Camping &#8230;\n<\/li>\n<p><b><\/b><\/p>\n<p><b><\/p>\n<li>Projets horizontaux :\u00a0<\/b><br \/>\nComptabilit\u00e9 , Paye , Facturation &#8230; <\/li>\n<p><b><\/b><\/p>\n<p><b><\/p>\n<li>Projets de sites web :\u00a0<\/b><br \/>\nCarte de visite Vitrine, Application externalis\u00e9e <\/li>\n<p><b><\/b><\/p>\n<p><b><\/p>\n<li>R\u00e9f\u00e9rences :<\/b><br \/>\n&#8211; Afrique : Taal, Cnan, Sobemar, Urgence Afrique, Hotel l&rsquo;Intemporel<br \/>\n&#8211; Marseille : Navitrans, Helios, Gide, Omniconseils &#8230;<\/li>\n<p><b><\/b><br \/>\n<b><\/p>\n<li>Sites web : <\/b>\u00a0Urgence Afrique \/ Solid&rsquo;af MH, Hotel l&rsquo;Intemporel&#8230;<\/li>\n<\/div><\/div><\/div>\n\n\n\n<p><\/p>\n","protected":false},"excerpt":{"rendered":"","protected":false},"author":1,"featured_media":0,"parent":0,"menu_order":0,"comment_status":"closed","ping_status":"closed","template":"","meta":{"footnotes":""},"class_list":["post-41","page","type-page","status-publish","hentry"],"_links":{"self":[{"href":"https:\/\/www.de-mena.fr\/wordpress\/wp-json\/wp\/v2\/pages\/41","targetHints":{"allow":["GET"]}}],"collection":[{"href":"https:\/\/www.de-mena.fr\/wordpress\/wp-json\/wp\/v2\/pages"}],"about":[{"href":"https:\/\/www.de-mena.fr\/wordpress\/wp-json\/wp\/v2\/types\/page"}],"author":[{"embeddable":true,"href":"https:\/\/www.de-mena.fr\/wordpress\/wp-json\/wp\/v2\/users\/1"}],"replies":[{"embeddable":true,"href":"https:\/\/www.de-mena.fr\/wordpress\/wp-json\/wp\/v2\/comments?post=41"}],"version-history":[{"count":43,"href":"https:\/\/www.de-mena.fr\/wordpress\/wp-json\/wp\/v2\/pages\/41\/revisions"}],"predecessor-version":[{"id":269,"href":"https:\/\/www.de-mena.fr\/wordpress\/wp-json\/wp\/v2\/pages\/41\/revisions\/269"}],"wp:attachment":[{"href":"https:\/\/www.de-mena.fr\/wordpress\/wp-json\/wp\/v2\/media?parent=41"}],"curies":[{"name":"wp","href":"https:\/\/api.w.org\/{rel}","templated":true}]}}